{"id":308,"date":"2019-11-22T08:26:55","date_gmt":"2019-11-22T07:26:55","guid":{"rendered":"http:\/\/www.grand-hotel-nouvel-opera.com\/prod\/situation-grand-hotel-nouvel-opera-paris\/"},"modified":"2020-02-03T10:07:36","modified_gmt":"2020-02-03T09:07:36","slug":"ubicacion-grand-hotel-nouvel-opera-paris","status":"publish","type":"page","link":"https:\/\/www.grand-hotel-nouvel-opera.com\/es\/ubicacion-grand-hotel-nouvel-opera-paris\/","title":{"rendered":"situation"},"content":{"rendered":"\n\t<section class=\"section\" id=\"section_1236387706\">\n\t\t<div class=\"bg section-bg fill bg-fill  bg-loaded\" >\n\n\t\t\t\n\t\t\t\n\t\t\t\n\n\t\t<\/div><!-- .section-bg -->\n\n\t\t<div class=\"section-content relative\">\n\t\t\t\n\n<p><iframe class=\"lazyload\" width=\"100%\" height=\"300\" frameborder=\"0\" scrolling=\"no\" marginheight=\"0\" marginwidth=\"0\" data-src=\"https:\/\/maps.google.fr\/maps?f=q&amp;source=s_q&amp;hl=fr&amp;geocode=&amp;q=Grand+h%C3%B4tel+Nouvel+Opera+-+152,+avenue+Ledru-rollin+-+75011+Paris&amp;sll=46.75984,1.738281&amp;sspn=12.708677,28.54248&amp;ie=UTF8&amp;hq=Grand+h%C3%B4tel+Nouvel+Opera+-&amp;hnear=152+Avenue+Ledru+Rollin,+75011+Paris,+%C3%8Ele-de-France&amp;t=m&amp;ll=48.861835,2.369614&amp;spn=0.028233,0.08317&amp;z=14&amp;iwloc=A&amp;output=embed\"><\/iframe><\/p>\n\n\t\t<\/div><!-- .section-content -->\n\n\t\t\n<style scope=\"scope\">\n\n#section_1236387706 {\n  padding-top: 0px;\n  padding-bottom: 0px;\n  min-height: 250px;\n}\n<\/style>\n\t<\/section>\n\t\n\t<section class=\"section\" id=\"section_610052797\">\n\t\t<div class=\"bg section-bg fill bg-fill  bg-loaded\" >\n\n\t\t\t\n\t\t\t\n\t\t\t\n\n\t\t<\/div><!-- .section-bg -->\n\n\t\t<div class=\"section-content relative\">\n\t\t\t\n\n<div class=\"row\"  id=\"row-1056000274\">\n\n<div class=\"col medium-6 small-12 large-6\"  data-animate=\"fadeInLeft\"><div class=\"col-inner\"  >\n\n\t<div class=\"img has-hover x md-x lg-x y md-y lg-y\" id=\"image_1462370996\">\n\t\t\t\t\t\t\t\t<div class=\"img-inner box-shadow-3 dark\" >\n\t\t\t<img width=\"1020\" height=\"680\" src=\"https:\/\/www.grand-hotel-nouvel-opera.com\/wp-content\/uploads\/2019\/11\/place-bastille-1024x683.jpg\" class=\"attachment-large size-large\" alt=\"place de la bastille\" srcset=\"https:\/\/www.grand-hotel-nouvel-opera.com\/wp-content\/uploads\/2019\/11\/place-bastille-1024x683.jpg 1024w, https:\/\/www.grand-hotel-nouvel-opera.com\/wp-content\/uploads\/2019\/11\/place-bastille-300x200.jpg 300w, https:\/\/www.grand-hotel-nouvel-opera.com\/wp-content\/uploads\/2019\/11\/place-bastille-768x512.jpg 768w, https:\/\/www.grand-hotel-nouvel-opera.com\/wp-content\/uploads\/2019\/11\/place-bastille-1536x1024.jpg 1536w, https:\/\/www.grand-hotel-nouvel-opera.com\/wp-content\/uploads\/2019\/11\/place-bastille.jpg 1800w\" sizes=\"(max-width: 1020px) 100vw, 1020px\" \/>\t\t\t\t\t\t\n\t\t\t\t\t<\/div>\n\t\t\t\t\t\t\t\t\n<style scope=\"scope\">\n\n#image_1462370996 {\n  width: 100%;\n}\n<\/style>\n\t<\/div>\n\t\n\n\n<\/div><\/div>\n<div class=\"col medium-6 small-12 large-6 small-col-first\"  data-animate=\"fadeInRight\"><div class=\"col-inner\"  >\n\n<h3>UBICACI\u00d3N Y ACCESO<\/h3>\n<p>El hotel est\u00e1 en el distrito XI de Par\u00eds, a <strong>200 metros de la plaza Voltaire<\/strong>, donde se encuentra el ayuntamiento del distrito.<\/p>\n<p>Las <strong>estaciones de metro<\/strong> m\u00e1s cercanas son :<br \/> &#8211;  la de VOLTAIRE, de la l\u00ednea 9<br \/>&#8211;  y la de LEDRU ROLLIN, de la l\u00ednea 8.<\/p>\n<p>Si viene del <strong>Aeropuerto Roissy-Charles-de\u2013Gaulle<\/strong>, tendr\u00e1 que tomar el RER B (tren de cercan\u00edas) hasta la Gare du Nord. All\u00ed, tome la l\u00ednea 5 del metro en direcci\u00f3n a Place d\u2019Italie. En Oberkampf, cambie a la l\u00ednea 9 en direcci\u00f3n a Mairie de Montreuil y b\u00e1jese en la estaci\u00f3n Voltaire. Encontrar\u00e1 la avenida Ledru Rollin a su izquierda al salir por la salida del metro de la izquierda.<\/p>\n<p><strong>Si llega en tren a la Gare de Lyon, solamente tendr\u00e1 que tomar el autob\u00fas 61 delante de la estaci\u00f3n y bajarse 5 minutos m\u00e1s tarde en la parada Basfroi, delante del hotel.<\/strong><\/p>\n\n<\/div><\/div>\n\n<\/div>\n\n\t\t<\/div><!-- .section-content -->\n\n\t\t\n<style scope=\"scope\">\n\n#section_610052797 {\n  padding-top: 30px;\n  padding-bottom: 30px;\n  margin-bottom: 0px;\n}\n<\/style>\n\t<\/section>\n\t\n\n","protected":false},"excerpt":{"rendered":"","protected":false},"author":1,"featured_media":0,"parent":0,"menu_order":0,"comment_status":"closed","ping_status":"closed","template":"page-blank.php","meta":[],"yoast_head":"<!-- This site is optimized with the Yoast SEO plugin v19.9 - https:\/\/yoast.com\/wordpress\/plugins\/seo\/ -->\n<title>Ubicaci\u00f3n del Grand H\u00f4tel Nouvel Op\u00e9ra Paris place de la Bastille<\/title>\n<meta name=\"description\" content=\"El Grand H\u00f4tel Nouvel Opera, ubicado en el coraz\u00f3n de Par\u00eds, cerca de la Gare de Lyon, est\u00e1 idealmente ubicado cerca de la Place de la Bastille.\" \/>\n<meta name=\"robots\" content=\"index, follow, max-snippet:-1, max-image-preview:large, max-video-preview:-1\" \/>\n<link rel=\"canonical\" href=\"https:\/\/www.grand-hotel-nouvel-opera.com\/es\/ubicacion-grand-hotel-nouvel-opera-paris\/\" \/>\n<meta property=\"og:locale\" content=\"es_ES\" \/>\n<meta property=\"og:type\" content=\"article\" \/>\n<meta property=\"og:title\" content=\"Ubicaci\u00f3n del Grand H\u00f4tel Nouvel Op\u00e9ra Paris place de la Bastille\" \/>\n<meta property=\"og:description\" content=\"El Grand H\u00f4tel Nouvel Opera, ubicado en el coraz\u00f3n de Par\u00eds, cerca de la Gare de Lyon, est\u00e1 idealmente ubicado cerca de la Place de la Bastille.\" \/>\n<meta property=\"og:url\" content=\"https:\/\/www.grand-hotel-nouvel-opera.com\/es\/ubicacion-grand-hotel-nouvel-opera-paris\/\" \/>\n<meta property=\"og:site_name\" content=\"Grand H\u00f4tel Nouvel Op\u00e9ra\" \/>\n<meta property=\"article:modified_time\" content=\"2020-02-03T09:07:36+00:00\" \/>\n<meta name=\"twitter:card\" content=\"summary_large_image\" \/>\n<meta name=\"twitter:label1\" content=\"Tiempo de lectura\" \/>\n\t<meta name=\"twitter:data1\" content=\"1 minuto\" \/>\n<script type=\"application\/ld+json\" class=\"yoast-schema-graph\">{\"@context\":\"https:\/\/schema.org\",\"@graph\":[{\"@type\":\"WebPage\",\"@id\":\"https:\/\/www.grand-hotel-nouvel-opera.com\/es\/ubicacion-grand-hotel-nouvel-opera-paris\/\",\"url\":\"https:\/\/www.grand-hotel-nouvel-opera.com\/es\/ubicacion-grand-hotel-nouvel-opera-paris\/\",\"name\":\"Ubicaci\u00f3n del Grand H\u00f4tel Nouvel Op\u00e9ra Paris place de la Bastille\",\"isPartOf\":{\"@id\":\"https:\/\/www.grand-hotel-nouvel-opera.com\/#website\"},\"datePublished\":\"2019-11-22T07:26:55+00:00\",\"dateModified\":\"2020-02-03T09:07:36+00:00\",\"description\":\"El Grand H\u00f4tel Nouvel Opera, ubicado en el coraz\u00f3n de Par\u00eds, cerca de la Gare de Lyon, est\u00e1 idealmente ubicado cerca de la Place de la Bastille.\",\"breadcrumb\":{\"@id\":\"https:\/\/www.grand-hotel-nouvel-opera.com\/es\/ubicacion-grand-hotel-nouvel-opera-paris\/#breadcrumb\"},\"inLanguage\":\"es\",\"potentialAction\":[{\"@type\":\"ReadAction\",\"target\":[\"https:\/\/www.grand-hotel-nouvel-opera.com\/es\/ubicacion-grand-hotel-nouvel-opera-paris\/\"]}]},{\"@type\":\"BreadcrumbList\",\"@id\":\"https:\/\/www.grand-hotel-nouvel-opera.com\/es\/ubicacion-grand-hotel-nouvel-opera-paris\/#breadcrumb\",\"itemListElement\":[{\"@type\":\"ListItem\",\"position\":1,\"name\":\"Accueil\",\"item\":\"https:\/\/www.grand-hotel-nouvel-opera.com\/es\/\"},{\"@type\":\"ListItem\",\"position\":2,\"name\":\"situation\"}]},{\"@type\":\"WebSite\",\"@id\":\"https:\/\/www.grand-hotel-nouvel-opera.com\/#website\",\"url\":\"https:\/\/www.grand-hotel-nouvel-opera.com\/\",\"name\":\"Grand H\u00f4tel Nouvel Op\u00e9ra\",\"description\":\"H\u00f4tel de tourisme \u00e0 Paris Bastille\",\"potentialAction\":[{\"@type\":\"SearchAction\",\"target\":{\"@type\":\"EntryPoint\",\"urlTemplate\":\"https:\/\/www.grand-hotel-nouvel-opera.com\/?s={search_term_string}\"},\"query-input\":\"required name=search_term_string\"}],\"inLanguage\":\"es\"}]}<\/script>\n<!-- \/ Yoast SEO plugin. -->","yoast_head_json":{"title":"Ubicaci\u00f3n del Grand H\u00f4tel Nouvel Op\u00e9ra Paris place de la Bastille","description":"El Grand H\u00f4tel Nouvel Opera, ubicado en el coraz\u00f3n de Par\u00eds, cerca de la Gare de Lyon, est\u00e1 idealmente ubicado cerca de la Place de la Bastille.","robots":{"index":"index","follow":"follow","max-snippet":"max-snippet:-1","max-image-preview":"max-image-preview:large","max-video-preview":"max-video-preview:-1"},"canonical":"https:\/\/www.grand-hotel-nouvel-opera.com\/es\/ubicacion-grand-hotel-nouvel-opera-paris\/","og_locale":"es_ES","og_type":"article","og_title":"Ubicaci\u00f3n del Grand H\u00f4tel Nouvel Op\u00e9ra Paris place de la Bastille","og_description":"El Grand H\u00f4tel Nouvel Opera, ubicado en el coraz\u00f3n de Par\u00eds, cerca de la Gare de Lyon, est\u00e1 idealmente ubicado cerca de la Place de la Bastille.","og_url":"https:\/\/www.grand-hotel-nouvel-opera.com\/es\/ubicacion-grand-hotel-nouvel-opera-paris\/","og_site_name":"Grand H\u00f4tel Nouvel Op\u00e9ra","article_modified_time":"2020-02-03T09:07:36+00:00","twitter_card":"summary_large_image","twitter_misc":{"Tiempo de lectura":"1 minuto"},"schema":{"@context":"https:\/\/schema.org","@graph":[{"@type":"WebPage","@id":"https:\/\/www.grand-hotel-nouvel-opera.com\/es\/ubicacion-grand-hotel-nouvel-opera-paris\/","url":"https:\/\/www.grand-hotel-nouvel-opera.com\/es\/ubicacion-grand-hotel-nouvel-opera-paris\/","name":"Ubicaci\u00f3n del Grand H\u00f4tel Nouvel Op\u00e9ra Paris place de la Bastille","isPartOf":{"@id":"https:\/\/www.grand-hotel-nouvel-opera.com\/#website"},"datePublished":"2019-11-22T07:26:55+00:00","dateModified":"2020-02-03T09:07:36+00:00","description":"El Grand H\u00f4tel Nouvel Opera, ubicado en el coraz\u00f3n de Par\u00eds, cerca de la Gare de Lyon, est\u00e1 idealmente ubicado cerca de la Place de la Bastille.","breadcrumb":{"@id":"https:\/\/www.grand-hotel-nouvel-opera.com\/es\/ubicacion-grand-hotel-nouvel-opera-paris\/#breadcrumb"},"inLanguage":"es","potentialAction":[{"@type":"ReadAction","target":["https:\/\/www.grand-hotel-nouvel-opera.com\/es\/ubicacion-grand-hotel-nouvel-opera-paris\/"]}]},{"@type":"BreadcrumbList","@id":"https:\/\/www.grand-hotel-nouvel-opera.com\/es\/ubicacion-grand-hotel-nouvel-opera-paris\/#breadcrumb","itemListElement":[{"@type":"ListItem","position":1,"name":"Accueil","item":"https:\/\/www.grand-hotel-nouvel-opera.com\/es\/"},{"@type":"ListItem","position":2,"name":"situation"}]},{"@type":"WebSite","@id":"https:\/\/www.grand-hotel-nouvel-opera.com\/#website","url":"https:\/\/www.grand-hotel-nouvel-opera.com\/","name":"Grand H\u00f4tel Nouvel Op\u00e9ra","description":"H\u00f4tel de tourisme \u00e0 Paris Bastille","potentialAction":[{"@type":"SearchAction","target":{"@type":"EntryPoint","urlTemplate":"https:\/\/www.grand-hotel-nouvel-opera.com\/?s={search_term_string}"},"query-input":"required name=search_term_string"}],"inLanguage":"es"}]}},"_links":{"self":[{"href":"https:\/\/www.grand-hotel-nouvel-opera.com\/es\/wp-json\/wp\/v2\/pages\/308"}],"collection":[{"href":"https:\/\/www.grand-hotel-nouvel-opera.com\/es\/wp-json\/wp\/v2\/pages"}],"about":[{"href":"https:\/\/www.grand-hotel-nouvel-opera.com\/es\/wp-json\/wp\/v2\/types\/page"}],"author":[{"embeddable":true,"href":"https:\/\/www.grand-hotel-nouvel-opera.com\/es\/wp-json\/wp\/v2\/users\/1"}],"replies":[{"embeddable":true,"href":"https:\/\/www.grand-hotel-nouvel-opera.com\/es\/wp-json\/wp\/v2\/comments?post=308"}],"version-history":[{"count":2,"href":"https:\/\/www.grand-hotel-nouvel-opera.com\/es\/wp-json\/wp\/v2\/pages\/308\/revisions"}],"predecessor-version":[{"id":406,"href":"https:\/\/www.grand-hotel-nouvel-opera.com\/es\/wp-json\/wp\/v2\/pages\/308\/revisions\/406"}],"wp:attachment":[{"href":"https:\/\/www.grand-hotel-nouvel-opera.com\/es\/wp-json\/wp\/v2\/media?parent=308"}],"curies":[{"name":"wp","href":"https:\/\/api.w.org\/{rel}","templated":true}]}}