{"id":296,"date":"2019-11-20T14:37:25","date_gmt":"2019-11-20T13:37:25","guid":{"rendered":"http:\/\/www.grand-hotel-nouvel-opera.com\/prod\/accueil\/"},"modified":"2025-03-07T16:11:56","modified_gmt":"2025-03-07T15:11:56","slug":"accueil","status":"publish","type":"page","link":"https:\/\/www.grand-hotel-nouvel-opera.com\/es\/","title":{"rendered":"Accueil"},"content":{"rendered":"\n\t<section class=\"section hide-for-medium\" id=\"section_861223309\">\n\t\t<div class=\"bg section-bg fill bg-fill  bg-loaded\" >\n\n\t\t\t\n\t\t\t<button class=\"scroll-for-more z-5 icon absolute bottom h-center\"><i class=\"icon-angle-down\" style=\"font-size:42px;\"><\/i><\/button>\n\t\t\t\n\n\t\t<\/div><!-- .section-bg -->\n\n\t\t<div class=\"section-content relative\">\n\t\t\t\n\n<div class=\"container-info-home\"><a class=\"button secondary\" href=\"https:\/\/www.secure-hotel-booking.com\/Grand-Hotel-Nouvel-Opera\/J8JE\/dateselection?language=es\" target=\"_blank\" rel=\"noopener noreferrer\" style=\"text-align: center; margin-bottom: 10px; width:100%;\">OFERTAS EXCLUSIVAS!<\/a><br><p style=\"padding:10px; margin-bottom:0px;\"><img src=\"http:\/\/www.grand-hotel-nouvel-opera.com\/images\/offre-home-pdj.jpg\" style=\"float:left; margin-right:10px; width:120px; height:auto;\">Nuestras mejores ofertas son solo en este sitio web:<\/p><ul style=\"font-size: 12px; list-style: none; margin-bottom: 10px; margin-left: 10px;\"><li class=\"\" style=\"text-align: left;\"><i class=\"fa fa-check\" style=\"color: #8f0006;\"><\/i> <span style=\"color: #000000;\">Las <strong> mejores tarifas <\/strong> garantizadas<\/span><\/li><\/ul><\/div>\n\n<div class=\"slider-wrapper relative\" id=\"slider-738759111\" >\n    <div class=\"slider slider-nav-circle slider-nav-large slider-nav-light slider-style-normal\"\n        data-flickity-options='{\n            \"cellAlign\": \"center\",\n            \"imagesLoaded\": true,\n            \"lazyLoad\": 1,\n            \"freeScroll\": false,\n            \"wrapAround\": true,\n            \"autoPlay\": 4000,\n            \"pauseAutoPlayOnHover\" : true,\n            \"prevNextButtons\": true,\n            \"contain\" : true,\n            \"adaptiveHeight\" : true,\n            \"dragThreshold\" : 10,\n            \"percentPosition\": true,\n            \"pageDots\": false,\n            \"rightToLeft\": false,\n            \"draggable\": true,\n            \"selectedAttraction\": 0.1,\n            \"parallax\" : 0,\n            \"friction\": 0.6        }'\n        >\n        \n\n\n  <div class=\"banner has-hover is-full-height\" id=\"banner-1645756899\">\n          <div class=\"banner-inner fill\">\n        <div class=\"banner-bg fill\" >\n            <div class=\"bg fill bg-fill \"><\/div>\n                                    \n                    <\/div><!-- bg-layers -->\n        <div class=\"banner-layers container\">\n            <div class=\"fill banner-link\"><\/div>            \n\n   <div id=\"text-box-1395717139\" class=\"text-box banner-layer x50 md-x50 lg-x50 y50 md-y50 lg-y50 res-text\">\n                                <div class=\"text dark\">\n              \n              <div class=\"text-inner text-center\">\n                  \n\n\n              <\/div>\n           <\/div><!-- text-box-inner -->\n                            \n<style scope=\"scope\">\n\n#text-box-1395717139 {\n  width: 60%;\n}\n#text-box-1395717139 .text {\n  font-size: 100%;\n}\n<\/style>\n    <\/div><!-- text-box -->\n \n\n        <\/div><!-- .banner-layers -->\n      <\/div><!-- .banner-inner -->\n\n            \n<style scope=\"scope\">\n\n#banner-1645756899 {\n  padding-top: 100%;\n}\n#banner-1645756899 .bg.bg-loaded {\n  background-image: url(https:\/\/www.grand-hotel-nouvel-opera.com\/wp-content\/uploads\/2019\/11\/grand-hotel-nouvel-opera-2.jpg);\n}\n<\/style>\n  <\/div><!-- .banner -->\n\n\n\n  <div class=\"banner has-hover is-full-height\" id=\"banner-1322567557\">\n          <div class=\"banner-inner fill\">\n        <div class=\"banner-bg fill\" >\n            <div class=\"bg fill bg-fill \"><\/div>\n                                    \n                    <\/div><!-- bg-layers -->\n        <div class=\"banner-layers container\">\n            <div class=\"fill banner-link\"><\/div>            \n\n   <div id=\"text-box-301345696\" class=\"text-box banner-layer x50 md-x50 lg-x50 y50 md-y50 lg-y50 res-text\">\n                                <div class=\"text dark\">\n              \n              <div class=\"text-inner text-center\">\n                  \n\n\n              <\/div>\n           <\/div><!-- text-box-inner -->\n                            \n<style scope=\"scope\">\n\n#text-box-301345696 {\n  width: 60%;\n}\n#text-box-301345696 .text {\n  font-size: 100%;\n}\n<\/style>\n    <\/div><!-- text-box -->\n \n\n        <\/div><!-- .banner-layers -->\n      <\/div><!-- .banner-inner -->\n\n            \n<style scope=\"scope\">\n\n#banner-1322567557 {\n  padding-top: 100%;\n}\n#banner-1322567557 .bg.bg-loaded {\n  background-image: url(https:\/\/www.grand-hotel-nouvel-opera.com\/wp-content\/uploads\/2019\/11\/grand-hotel-nouvel-opera-1.jpg);\n}\n<\/style>\n  <\/div><!-- .banner -->\n\n\n\n  <div class=\"banner has-hover is-full-height\" id=\"banner-2118124596\">\n          <div class=\"banner-inner fill\">\n        <div class=\"banner-bg fill\" >\n            <div class=\"bg fill bg-fill \"><\/div>\n                                    \n                    <\/div><!-- bg-layers -->\n        <div class=\"banner-layers container\">\n            <div class=\"fill banner-link\"><\/div>            \n\n   <div id=\"text-box-471805808\" class=\"text-box banner-layer x50 md-x50 lg-x50 y50 md-y50 lg-y50 res-text\">\n                                <div class=\"text dark\">\n              \n              <div class=\"text-inner text-center\">\n                  \n\n\n              <\/div>\n           <\/div><!-- text-box-inner -->\n                            \n<style scope=\"scope\">\n\n#text-box-471805808 {\n  width: 60%;\n}\n#text-box-471805808 .text {\n  font-size: 100%;\n}\n<\/style>\n    <\/div><!-- text-box -->\n \n\n        <\/div><!-- .banner-layers -->\n      <\/div><!-- .banner-inner -->\n\n            \n<style scope=\"scope\">\n\n#banner-2118124596 {\n  padding-top: 100%;\n}\n#banner-2118124596 .bg.bg-loaded {\n  background-image: url(https:\/\/www.grand-hotel-nouvel-opera.com\/wp-content\/uploads\/2019\/11\/grand-hotel-nouvel-opera-6.jpg);\n}\n<\/style>\n  <\/div><!-- .banner -->\n\n\n\n     <\/div>\n\n     <div class=\"loading-spin dark large centered\"><\/div>\n\n     <style scope=\"scope\">\n                    #slider-738759111 .flickity-slider > *{ max-width: 100%!important;\n              <\/style>\n<\/div><!-- .ux-slider-wrapper -->\n\n\n\n\t\t<\/div><!-- .section-content -->\n\n\t\t\n<style scope=\"scope\">\n\n#section_861223309 {\n  padding-top: 0px;\n  padding-bottom: 0px;\n  margin-bottom: 30px;\n}\n<\/style>\n\t<\/section>\n\t\n\t<section class=\"section show-for-medium\" id=\"section_1698648029\">\n\t\t<div class=\"bg section-bg fill bg-fill  bg-loaded\" >\n\n\t\t\t\n\t\t\t<button class=\"scroll-for-more z-5 icon absolute bottom h-center\"><i class=\"icon-angle-down\" style=\"font-size:42px;\"><\/i><\/button>\n\t\t\t\n\n\t\t<\/div><!-- .section-bg -->\n\n\t\t<div class=\"section-content relative\">\n\t\t\t\n\n<div class=\"container-info-home\"><a class=\"button secondary\" href=\"https:\/\/www.secure-hotel-booking.com\/Grand-Hotel-Nouvel-Opera\/J8JE\/dateselection?language=es\" target=\"_blank\" rel=\"noopener noreferrer\" style=\"text-align: center; margin-bottom: 10px; width:100%;\">OFERTAS EXCLUSIVAS!<\/a><br><p style=\"padding:10px; margin-bottom:0px;\"><img src=\"http:\/\/www.grand-hotel-nouvel-opera.com\/images\/offre-home-pdj.jpg\" style=\"float:left; margin-right:10px; width:120px; height:auto;\">Nuestras mejores ofertas son solo en este sitio web:<\/p><ul style=\"font-size: 12px; list-style: none; margin-bottom: 10px; margin-left: 10px;\"><li class=\"\" style=\"text-align: left;\"><i class=\"fa fa-check\" style=\"color: #8f0006;\"><\/i> <span style=\"color: #000000;\">Las <strong> mejores tarifas <\/strong> garantizadas<\/span><\/li><\/ul><\/div>\n\n<div class=\"row row-collapse\"  id=\"row-981462443\">\n\n<div class=\"col small-12 large-12\"  ><div class=\"col-inner\" style=\"margin:70px 0px 0px 0px;\" >\n\n<div class=\"slider-wrapper relative\" id=\"slider-1442230435\" >\n    <div class=\"slider slider-nav-circle slider-nav-large slider-nav-light slider-style-normal\"\n        data-flickity-options='{\n            \"cellAlign\": \"center\",\n            \"imagesLoaded\": true,\n            \"lazyLoad\": 1,\n            \"freeScroll\": false,\n            \"wrapAround\": true,\n            \"autoPlay\": 4000,\n            \"pauseAutoPlayOnHover\" : true,\n            \"prevNextButtons\": true,\n            \"contain\" : true,\n            \"adaptiveHeight\" : true,\n            \"dragThreshold\" : 10,\n            \"percentPosition\": true,\n            \"pageDots\": false,\n            \"rightToLeft\": false,\n            \"draggable\": true,\n            \"selectedAttraction\": 0.1,\n            \"parallax\" : 0,\n            \"friction\": 0.6        }'\n        >\n        \n\n\n  <div class=\"banner has-hover\" id=\"banner-1813190106\">\n          <div class=\"banner-inner fill\">\n        <div class=\"banner-bg fill\" >\n            <div class=\"bg fill bg-fill \"><\/div>\n                                    \n                    <\/div><!-- bg-layers -->\n        <div class=\"banner-layers container\">\n            <div class=\"fill banner-link\"><\/div>            \n\n\n        <\/div><!-- .banner-layers -->\n      <\/div><!-- .banner-inner -->\n\n            \n<style scope=\"scope\">\n\n#banner-1813190106 {\n  padding-top: 56.25%;\n}\n#banner-1813190106 .bg.bg-loaded {\n  background-image: url(https:\/\/www.grand-hotel-nouvel-opera.com\/wp-content\/uploads\/2019\/11\/grand-hotel-nouvel-opera-2-1024x683.jpg);\n}\n\n\n@media (min-width:850px) {\n\n  #banner-1813190106 {\n    padding-top: 500px;\n  }\n\n}\n<\/style>\n  <\/div><!-- .banner -->\n\n\n\n  <div class=\"banner has-hover\" id=\"banner-1325581861\">\n          <div class=\"banner-inner fill\">\n        <div class=\"banner-bg fill\" >\n            <div class=\"bg fill bg-fill \"><\/div>\n                                    \n                    <\/div><!-- bg-layers -->\n        <div class=\"banner-layers container\">\n            <div class=\"fill banner-link\"><\/div>            \n\n\n        <\/div><!-- .banner-layers -->\n      <\/div><!-- .banner-inner -->\n\n            \n<style scope=\"scope\">\n\n#banner-1325581861 {\n  padding-top: 56.25%;\n}\n#banner-1325581861 .bg.bg-loaded {\n  background-image: url(https:\/\/www.grand-hotel-nouvel-opera.com\/wp-content\/uploads\/2019\/11\/grand-hotel-nouvel-opera-1-1024x683.jpg);\n}\n\n\n@media (min-width:850px) {\n\n  #banner-1325581861 {\n    padding-top: 500px;\n  }\n\n}\n<\/style>\n  <\/div><!-- .banner -->\n\n\n\n     <\/div>\n\n     <div class=\"loading-spin dark large centered\"><\/div>\n\n     <style scope=\"scope\">\n                    #slider-1442230435 .flickity-slider > *{ max-width: 100%!important;\n              <\/style>\n<\/div><!-- .ux-slider-wrapper -->\n\n\n\n<\/div><\/div>\n\n\n<style scope=\"scope\">\n\n<\/style>\n<\/div>\n\n\t\t<\/div><!-- .section-content -->\n\n\t\t\n<style scope=\"scope\">\n\n#section_1698648029 {\n  padding-top: 0px;\n  padding-bottom: 0px;\n  margin-bottom: 30px;\n}\n<\/style>\n\t<\/section>\n\t\n\t<section class=\"section\" id=\"section_1074386570\">\n\t\t<div class=\"bg section-bg fill bg-fill  bg-loaded\" >\n\n\t\t\t\n\t\t\t\n\t\t\t\n\n\t\t<\/div><!-- .section-bg -->\n\n\t\t<div class=\"section-content relative\">\n\t\t\t\n\n<div class=\"row\"  id=\"row-936534603\">\n\n<div class=\"col medium-6 small-12 large-6\"  data-animate=\"fadeInLeft\"><div class=\"col-inner\"  >\n\n<h3>Bienvenido al Grand Hotel Nouvel Op\u00e9ra<\/h3>\n<hr>\n<p>El Grand H\u00f4tel Nouvel Op\u00e9ra le ofrece una situaci\u00f3n ideal en el centro de Par\u00eds, a solamente unos pasos de estaciones de metro y autob\u00fas y de una parada de taxis. Cerca de la estaci\u00f3n de Lyon y a 5 minutos de Bastilla, permite llegar sin correspondencias a los Campos El\u00edseos, las Galer\u00edas Lafayette o los grandes almacenes Printemps. Un alojamiento perfecto para visitar Par\u00eds.<\/p>\n<p>El hotelest\u00e1 muy cerca de todos los lugares de inter\u00e9s, aunque alejado del bullicio de la ciudad. Se encuentra en el barrio de Bastilla, donde podr\u00e1 disfrutar del ambiente de sus callecitas, rebosantes de artesanos, cafeter\u00edas y restaurantes.<\/p>\n<a href=\"http:\/\/www.grand-hotel-nouvel-opera.com\/es\/chambres-grand-hotel-nouvel-opera\/\" target=\"_self\" class=\"button primary is-outline lowercase\"  >\n    <span>Nuestras habitaciones<\/span>\n  <\/a>\n\n\n\n<\/div><\/div>\n<div class=\"col medium-6 small-12 large-6\"  data-animate=\"fadeInRight\"><div class=\"col-inner\"  >\n\n\t<div class=\"img has-hover x md-x lg-x y md-y lg-y\" id=\"image_1287320374\">\n\t\t\t\t\t\t\t\t<div class=\"img-inner box-shadow-3 dark\" >\n\t\t\t<img width=\"1020\" height=\"680\" src=\"https:\/\/www.grand-hotel-nouvel-opera.com\/wp-content\/uploads\/2019\/11\/grand-hotel-nouvel-opera-9-1024x683.jpg\" class=\"attachment-large size-large\" alt=\"\" srcset=\"https:\/\/www.grand-hotel-nouvel-opera.com\/wp-content\/uploads\/2019\/11\/grand-hotel-nouvel-opera-9-1024x683.jpg 1024w, https:\/\/www.grand-hotel-nouvel-opera.com\/wp-content\/uploads\/2019\/11\/grand-hotel-nouvel-opera-9-300x200.jpg 300w, https:\/\/www.grand-hotel-nouvel-opera.com\/wp-content\/uploads\/2019\/11\/grand-hotel-nouvel-opera-9-768x512.jpg 768w, https:\/\/www.grand-hotel-nouvel-opera.com\/wp-content\/uploads\/2019\/11\/grand-hotel-nouvel-opera-9-1536x1024.jpg 1536w, https:\/\/www.grand-hotel-nouvel-opera.com\/wp-content\/uploads\/2019\/11\/grand-hotel-nouvel-opera-9.jpg 1800w\" sizes=\"(max-width: 1020px) 100vw, 1020px\" \/>\t\t\t\t\t\t\n\t\t\t\t\t<\/div>\n\t\t\t\t\t\t\t\t\n<style scope=\"scope\">\n\n#image_1287320374 {\n  width: 100%;\n}\n<\/style>\n\t<\/div>\n\t\n\n\n<\/div><\/div>\n\n<\/div>\n\n\t\t<\/div><!-- .section-content -->\n\n\t\t\n<style scope=\"scope\">\n\n#section_1074386570 {\n  padding-top: 0px;\n  padding-bottom: 0px;\n  margin-bottom: 0px;\n}\n<\/style>\n\t<\/section>\n\t\n\t<section class=\"section\" id=\"section_732029986\">\n\t\t<div class=\"bg section-bg fill bg-fill  \" >\n\n\t\t\t\n\t\t\t\n\t\t\t\n\n\t\t<\/div><!-- .section-bg -->\n\n\t\t<div class=\"section-content relative\">\n\t\t\t\n\n<div class=\"row\"  id=\"row-1264754129\">\n\n<div class=\"col small-12 large-12\"  ><div class=\"col-inner\" style=\"padding:10px 10px 10px 10px;margin:30px 0px 0px 0px;\" >\n\n<a data-animate=\"fadeInUp\" href=\"http:\/\/www.grand-hotel-nouvel-opera.com\/es\/servicios-grand-hotel-nouvel-opera\/\" target=\"_self\" class=\"button white box-shadow-3 box-shadow-4-hover expand\"  style=\"border-radius:5px;\">\n    <span>Descubre los servicios del hotel<\/span>\n  <\/a>\n\n\n\n<\/div><\/div>\n\n\n<style scope=\"scope\">\n\n#row-1264754129 > .col > .col-inner {\n  padding: 0px 0px 0px 0px;\n}\n<\/style>\n<\/div>\n\n\t\t<\/div><!-- .section-content -->\n\n\t\t\n<style scope=\"scope\">\n\n#section_732029986 {\n  padding-top: 30px;\n  padding-bottom: 30px;\n  min-height: 250px;\n}\n#section_732029986 .section-bg.bg-loaded {\n  background-image: url(https:\/\/www.grand-hotel-nouvel-opera.com\/wp-content\/uploads\/2019\/11\/grand-hotel-nouvel-opera-1.jpg);\n}\n<\/style>\n\t<\/section>\n\t\n\t<section class=\"section\" id=\"section_2008766287\">\n\t\t<div class=\"bg section-bg fill bg-fill  bg-loaded\" >\n\n\t\t\t\n\t\t\t\n\t\t\t\n\n\t\t<\/div><!-- .section-bg -->\n\n\t\t<div class=\"section-content relative\">\n\t\t\t\n\n<div class=\"row\"  id=\"row-501416419\">\n\n<div class=\"col medium-6 small-12 large-6\"  data-animate=\"fadeInLeft\"><div class=\"col-inner\"  >\n\n\t<div class=\"img has-hover x md-x lg-x y md-y lg-y\" id=\"image_1290928029\">\n\t\t\t\t\t\t\t\t<div class=\"img-inner box-shadow-3 dark\" >\n\t\t\t<img width=\"970\" height=\"500\" src=\"https:\/\/www.grand-hotel-nouvel-opera.com\/wp-content\/uploads\/2019\/11\/3.jpg\" class=\"attachment-large size-large\" alt=\"\" srcset=\"https:\/\/www.grand-hotel-nouvel-opera.com\/wp-content\/uploads\/2019\/11\/3.jpg 970w, https:\/\/www.grand-hotel-nouvel-opera.com\/wp-content\/uploads\/2019\/11\/3-300x155.jpg 300w, https:\/\/www.grand-hotel-nouvel-opera.com\/wp-content\/uploads\/2019\/11\/3-768x396.jpg 768w\" sizes=\"(max-width: 970px) 100vw, 970px\" \/>\t\t\t\t\t\t\n\t\t\t\t\t<\/div>\n\t\t\t\t\t\t\t\t\n<style scope=\"scope\">\n\n#image_1290928029 {\n  width: 100%;\n}\n<\/style>\n\t<\/div>\n\t\n\n\n<\/div><\/div>\n<div class=\"col medium-6 small-12 large-6\"  data-animate=\"fadeInRight\"><div class=\"col-inner\"  >\n\n<h3>Ubicaci\u00f3n del hotel<\/h3>\n<p>El hotel est\u00e1 en el distrito XI de Par\u00eds, a 200 metros de la plaza Voltaire, donde se encuentra el ayuntamiento del distrito.<\/p>\n<p>Las estaciones de metro m\u00e1s cercanas son la de VOLTAIRE, de la l\u00ednea 9, y la de LEDRU ROLLIN, de la l\u00ednea 8.<\/p>\n<a href=\"http:\/\/www.grand-hotel-nouvel-opera.com\/es\/ubicacion-grand-hotel-nouvel-opera-paris\/\" target=\"_self\" class=\"button primary is-outline lowercase\"  >\n    <span>Descubre nuestra ubicaci\u00f3n<\/span>\n  <\/a>\n\n\n\n<\/div><\/div>\n\n<\/div>\n\n\t\t<\/div><!-- .section-content -->\n\n\t\t\n<style scope=\"scope\">\n\n#section_2008766287 {\n  padding-top: 30px;\n  padding-bottom: 30px;\n  margin-bottom: 0px;\n}\n<\/style>\n\t<\/section>\n\t\n\t<section class=\"section\" id=\"section_1048010079\">\n\t\t<div class=\"bg section-bg fill bg-fill  bg-loaded\" >\n\n\t\t\t\n\t\t\t\n\t\t\t\n\n\t\t<\/div><!-- .section-bg -->\n\n\t\t<div class=\"section-content relative\">\n\t\t\t\n\n<p><iframe class=\"lazyload\" width=\"100%\" height=\"300\" frameborder=\"0\" scrolling=\"no\" marginheight=\"0\" marginwidth=\"0\" data-src=\"https:\/\/maps.google.fr\/maps?f=q&amp;source=s_q&amp;hl=fr&amp;geocode=&amp;q=Grand+h%C3%B4tel+Nouvel+Opera+-+152,+avenue+Ledru-rollin+-+75011+Paris&amp;sll=46.75984,1.738281&amp;sspn=12.708677,28.54248&amp;ie=UTF8&amp;hq=Grand+h%C3%B4tel+Nouvel+Opera+-&amp;hnear=152+Avenue+Ledru+Rollin,+75011+Paris,+%C3%8Ele-de-France&amp;t=m&amp;ll=48.861835,2.369614&amp;spn=0.028233,0.08317&amp;z=14&amp;iwloc=A&amp;output=embed\"><\/iframe><\/p>\n\n\t\t<\/div><!-- .section-content -->\n\n\t\t\n<style scope=\"scope\">\n\n#section_1048010079 {\n  padding-top: 0px;\n  padding-bottom: 0px;\n  min-height: 250px;\n}\n<\/style>\n\t<\/section>\n\t\n\n","protected":false},"excerpt":{"rendered":"","protected":false},"author":1,"featured_media":0,"parent":0,"menu_order":0,"comment_status":"closed","ping_status":"closed","template":"page-transparent-header.php","meta":[],"yoast_head":"<!-- This site is optimized with the Yoast SEO plugin v19.9 - https:\/\/yoast.com\/wordpress\/plugins\/seo\/ -->\n<title>SITIO OFICIAL DEL HOTEL GRAND HOTEL NOUVEL OPERA, ubicado frente a la Gare de Lyon entre Bastille y la Opera<\/title>\n<meta name=\"description\" content=\"El Grand H\u00f4tel Nouvel Opera, cerca de la Place de la Bastille, est\u00e1 idealmente ubicado cerca de todos los sitios tur\u00edsticos de Par\u00eds.\" \/>\n<meta name=\"robots\" content=\"index, follow, max-snippet:-1, max-image-preview:large, max-video-preview:-1\" \/>\n<link rel=\"canonical\" href=\"https:\/\/www.grand-hotel-nouvel-opera.com\/es\/\" \/>\n<meta property=\"og:locale\" content=\"es_ES\" \/>\n<meta property=\"og:type\" content=\"article\" \/>\n<meta property=\"og:title\" content=\"SITIO OFICIAL DEL HOTEL GRAND HOTEL NOUVEL OPERA, ubicado frente a la Gare de Lyon entre Bastille y la Opera\" \/>\n<meta property=\"og:description\" content=\"El Grand H\u00f4tel Nouvel Opera, cerca de la Place de la Bastille, est\u00e1 idealmente ubicado cerca de todos los sitios tur\u00edsticos de Par\u00eds.\" \/>\n<meta property=\"og:url\" content=\"https:\/\/www.grand-hotel-nouvel-opera.com\/es\/\" \/>\n<meta property=\"og:site_name\" content=\"Grand H\u00f4tel Nouvel Op\u00e9ra\" \/>\n<meta property=\"article:modified_time\" content=\"2025-03-07T15:11:56+00:00\" \/>\n<meta name=\"twitter:card\" content=\"summary_large_image\" \/>\n<meta name=\"twitter:label1\" content=\"Tiempo de lectura\" \/>\n\t<meta name=\"twitter:data1\" content=\"2 minutos\" \/>\n<script type=\"application\/ld+json\" class=\"yoast-schema-graph\">{\"@context\":\"https:\/\/schema.org\",\"@graph\":[{\"@type\":\"WebPage\",\"@id\":\"https:\/\/www.grand-hotel-nouvel-opera.com\/es\/\",\"url\":\"https:\/\/www.grand-hotel-nouvel-opera.com\/es\/\",\"name\":\"SITIO OFICIAL DEL HOTEL GRAND HOTEL NOUVEL OPERA, ubicado frente a la Gare de Lyon entre Bastille y la Opera\",\"isPartOf\":{\"@id\":\"https:\/\/www.grand-hotel-nouvel-opera.com\/#website\"},\"datePublished\":\"2019-11-20T13:37:25+00:00\",\"dateModified\":\"2025-03-07T15:11:56+00:00\",\"description\":\"El Grand H\u00f4tel Nouvel Opera, cerca de la Place de la Bastille, est\u00e1 idealmente ubicado cerca de todos los sitios tur\u00edsticos de Par\u00eds.\",\"breadcrumb\":{\"@id\":\"https:\/\/www.grand-hotel-nouvel-opera.com\/es\/#breadcrumb\"},\"inLanguage\":\"es\",\"potentialAction\":[{\"@type\":\"ReadAction\",\"target\":[\"https:\/\/www.grand-hotel-nouvel-opera.com\/es\/\"]}]},{\"@type\":\"BreadcrumbList\",\"@id\":\"https:\/\/www.grand-hotel-nouvel-opera.com\/es\/#breadcrumb\",\"itemListElement\":[{\"@type\":\"ListItem\",\"position\":1,\"name\":\"Accueil\",\"item\":\"https:\/\/www.grand-hotel-nouvel-opera.com\/es\/\"},{\"@type\":\"ListItem\",\"position\":2,\"name\":\"Accueil\"}]},{\"@type\":\"WebSite\",\"@id\":\"https:\/\/www.grand-hotel-nouvel-opera.com\/#website\",\"url\":\"https:\/\/www.grand-hotel-nouvel-opera.com\/\",\"name\":\"Grand H\u00f4tel Nouvel Op\u00e9ra\",\"description\":\"H\u00f4tel de tourisme \u00e0 Paris Bastille\",\"potentialAction\":[{\"@type\":\"SearchAction\",\"target\":{\"@type\":\"EntryPoint\",\"urlTemplate\":\"https:\/\/www.grand-hotel-nouvel-opera.com\/?s={search_term_string}\"},\"query-input\":\"required name=search_term_string\"}],\"inLanguage\":\"es\"}]}<\/script>\n<!-- \/ Yoast SEO plugin. -->","yoast_head_json":{"title":"SITIO OFICIAL DEL HOTEL GRAND HOTEL NOUVEL OPERA, ubicado frente a la Gare de Lyon entre Bastille y la Opera","description":"El Grand H\u00f4tel Nouvel Opera, cerca de la Place de la Bastille, est\u00e1 idealmente ubicado cerca de todos los sitios tur\u00edsticos de Par\u00eds.","robots":{"index":"index","follow":"follow","max-snippet":"max-snippet:-1","max-image-preview":"max-image-preview:large","max-video-preview":"max-video-preview:-1"},"canonical":"https:\/\/www.grand-hotel-nouvel-opera.com\/es\/","og_locale":"es_ES","og_type":"article","og_title":"SITIO OFICIAL DEL HOTEL GRAND HOTEL NOUVEL OPERA, ubicado frente a la Gare de Lyon entre Bastille y la Opera","og_description":"El Grand H\u00f4tel Nouvel Opera, cerca de la Place de la Bastille, est\u00e1 idealmente ubicado cerca de todos los sitios tur\u00edsticos de Par\u00eds.","og_url":"https:\/\/www.grand-hotel-nouvel-opera.com\/es\/","og_site_name":"Grand H\u00f4tel Nouvel Op\u00e9ra","article_modified_time":"2025-03-07T15:11:56+00:00","twitter_card":"summary_large_image","twitter_misc":{"Tiempo de lectura":"2 minutos"},"schema":{"@context":"https:\/\/schema.org","@graph":[{"@type":"WebPage","@id":"https:\/\/www.grand-hotel-nouvel-opera.com\/es\/","url":"https:\/\/www.grand-hotel-nouvel-opera.com\/es\/","name":"SITIO OFICIAL DEL HOTEL GRAND HOTEL NOUVEL OPERA, ubicado frente a la Gare de Lyon entre Bastille y la Opera","isPartOf":{"@id":"https:\/\/www.grand-hotel-nouvel-opera.com\/#website"},"datePublished":"2019-11-20T13:37:25+00:00","dateModified":"2025-03-07T15:11:56+00:00","description":"El Grand H\u00f4tel Nouvel Opera, cerca de la Place de la Bastille, est\u00e1 idealmente ubicado cerca de todos los sitios tur\u00edsticos de Par\u00eds.","breadcrumb":{"@id":"https:\/\/www.grand-hotel-nouvel-opera.com\/es\/#breadcrumb"},"inLanguage":"es","potentialAction":[{"@type":"ReadAction","target":["https:\/\/www.grand-hotel-nouvel-opera.com\/es\/"]}]},{"@type":"BreadcrumbList","@id":"https:\/\/www.grand-hotel-nouvel-opera.com\/es\/#breadcrumb","itemListElement":[{"@type":"ListItem","position":1,"name":"Accueil","item":"https:\/\/www.grand-hotel-nouvel-opera.com\/es\/"},{"@type":"ListItem","position":2,"name":"Accueil"}]},{"@type":"WebSite","@id":"https:\/\/www.grand-hotel-nouvel-opera.com\/#website","url":"https:\/\/www.grand-hotel-nouvel-opera.com\/","name":"Grand H\u00f4tel Nouvel Op\u00e9ra","description":"H\u00f4tel de tourisme \u00e0 Paris Bastille","potentialAction":[{"@type":"SearchAction","target":{"@type":"EntryPoint","urlTemplate":"https:\/\/www.grand-hotel-nouvel-opera.com\/?s={search_term_string}"},"query-input":"required name=search_term_string"}],"inLanguage":"es"}]}},"_links":{"self":[{"href":"https:\/\/www.grand-hotel-nouvel-opera.com\/es\/wp-json\/wp\/v2\/pages\/296"}],"collection":[{"href":"https:\/\/www.grand-hotel-nouvel-opera.com\/es\/wp-json\/wp\/v2\/pages"}],"about":[{"href":"https:\/\/www.grand-hotel-nouvel-opera.com\/es\/wp-json\/wp\/v2\/types\/page"}],"author":[{"embeddable":true,"href":"https:\/\/www.grand-hotel-nouvel-opera.com\/es\/wp-json\/wp\/v2\/users\/1"}],"replies":[{"embeddable":true,"href":"https:\/\/www.grand-hotel-nouvel-opera.com\/es\/wp-json\/wp\/v2\/comments?post=296"}],"version-history":[{"count":4,"href":"https:\/\/www.grand-hotel-nouvel-opera.com\/es\/wp-json\/wp\/v2\/pages\/296\/revisions"}],"predecessor-version":[{"id":485,"href":"https:\/\/www.grand-hotel-nouvel-opera.com\/es\/wp-json\/wp\/v2\/pages\/296\/revisions\/485"}],"wp:attachment":[{"href":"https:\/\/www.grand-hotel-nouvel-opera.com\/es\/wp-json\/wp\/v2\/media?parent=296"}],"curies":[{"name":"wp","href":"https:\/\/api.w.org\/{rel}","templated":true}]}}