{"id":303,"date":"2019-11-22T08:06:17","date_gmt":"2019-11-22T07:06:17","guid":{"rendered":"http:\/\/www.grand-hotel-nouvel-opera.com\/prod\/services-grand-hotel-nouvel-opera\/"},"modified":"2025-03-07T16:10:38","modified_gmt":"2025-03-07T15:10:38","slug":"services-grand-hotel-nouvel-opera","status":"publish","type":"page","link":"https:\/\/www.grand-hotel-nouvel-opera.com\/en\/services-grand-hotel-nouvel-opera\/","title":{"rendered":"services"},"content":{"rendered":"\n\t<section class=\"section\" id=\"section_138372689\">\n\t\t<div class=\"bg section-bg fill bg-fill  \" >\n\n\t\t\t\n\t\t\t\n\t\t\t\n\n\t\t<\/div><!-- .section-bg -->\n\n\t\t<div class=\"section-content relative\">\n\t\t\t\n\n<div class=\"row\"  id=\"row-915547585\">\n\n<div class=\"col small-12 large-12\"  ><div class=\"col-inner\"  >\n\n<h2 style=\"text-align: center;\">The services of the Grand H\u00f4tel Nouvel Op\u00e9ra<\/h2>\n\n<\/div><\/div>\n\n\n<style scope=\"scope\">\n\n#row-915547585 > .col > .col-inner {\n  padding: 10px 0px 3px 0px;\n  background-color: rgba(255, 255, 255, 0.8);\n}\n<\/style>\n<\/div>\n\n\t\t<\/div><!-- .section-content -->\n\n\t\t\n<style scope=\"scope\">\n\n#section_138372689 {\n  padding-top: 30px;\n  padding-bottom: 30px;\n  min-height: 300px;\n}\n#section_138372689 .section-bg.bg-loaded {\n  background-image: url(https:\/\/www.grand-hotel-nouvel-opera.com\/wp-content\/uploads\/2019\/11\/grand-hotel-nouvel-opera-5.jpg);\n}\n<\/style>\n\t<\/section>\n\t\n\t<section class=\"section\" id=\"section_2106637976\">\n\t\t<div class=\"bg section-bg fill bg-fill  bg-loaded\" >\n\n\t\t\t\n\t\t\t<div class=\"section-bg-overlay absolute fill\"><\/div>\n\t\t\t\n\n\t\t<\/div><!-- .section-bg -->\n\n\t\t<div class=\"section-content relative\">\n\t\t\t\n\n<div class=\"row row-collapse row-full-width align-middle\"  id=\"row-1097057200\">\n\n<div class=\"col medium-6 small-12 large-6\"  data-animate=\"fadeInLeft\"><div class=\"col-inner text-center\" style=\"max-width:520px;padding:20px 20px 20px 20px;\" >\n\n<h3>CONTINENTAL BREAKFAST<\/h3>\n<p>Continental breakfast including:\u00a0<br \/>Hot drinks, fruit juice, 1\/4 baguette, 1 pastry, 1 yogurt, 1 compote, cereals.<\/p>\n<a rel=\"noopener noreferrer\" href=\"https:\/\/www.secure-hotel-booking.com\/Grand-Hotel-Nouvel-Opera\/J8JE\/dateselection?language=en\" target=\"_blank\" class=\"button secondary\"  >\n    <span>Book now<\/span>\n  <\/a>\n\n\n\n<\/div><\/div>\n<div class=\"col medium-6 small-12 large-6\"  data-animate=\"fadeInRight\"><div class=\"col-inner\"  >\n\n<div class=\"slider-wrapper relative\" id=\"slider-1016903490\" >\n    <div class=\"slider slider-nav-circle slider-nav-large slider-nav-light slider-style-normal\"\n        data-flickity-options='{\n            \"cellAlign\": \"center\",\n            \"imagesLoaded\": true,\n            \"lazyLoad\": 1,\n            \"freeScroll\": false,\n            \"wrapAround\": true,\n            \"autoPlay\": false,\n            \"pauseAutoPlayOnHover\" : true,\n            \"prevNextButtons\": true,\n            \"contain\" : true,\n            \"adaptiveHeight\" : true,\n            \"dragThreshold\" : 10,\n            \"percentPosition\": true,\n            \"pageDots\": true,\n            \"rightToLeft\": false,\n            \"draggable\": true,\n            \"selectedAttraction\": 0.1,\n            \"parallax\" : 0,\n            \"friction\": 0.6        }'\n        >\n        \n\n\t<div class=\"img has-hover x md-x lg-x y md-y lg-y\" id=\"image_157208070\">\n\t\t\t\t\t\t\t\t<div class=\"img-inner dark\" >\n\t\t\t<img width=\"1020\" height=\"680\" src=\"https:\/\/www.grand-hotel-nouvel-opera.com\/wp-content\/uploads\/2019\/11\/grand-hotel-nouvel-opera-2-1024x683.jpg\" class=\"attachment-large size-large\" alt=\"\" srcset=\"https:\/\/www.grand-hotel-nouvel-opera.com\/wp-content\/uploads\/2019\/11\/grand-hotel-nouvel-opera-2-1024x683.jpg 1024w, https:\/\/www.grand-hotel-nouvel-opera.com\/wp-content\/uploads\/2019\/11\/grand-hotel-nouvel-opera-2-300x200.jpg 300w, https:\/\/www.grand-hotel-nouvel-opera.com\/wp-content\/uploads\/2019\/11\/grand-hotel-nouvel-opera-2-768x512.jpg 768w, https:\/\/www.grand-hotel-nouvel-opera.com\/wp-content\/uploads\/2019\/11\/grand-hotel-nouvel-opera-2-1536x1024.jpg 1536w, https:\/\/www.grand-hotel-nouvel-opera.com\/wp-content\/uploads\/2019\/11\/grand-hotel-nouvel-opera-2.jpg 1800w\" sizes=\"(max-width: 1020px) 100vw, 1020px\" \/>\t\t\t\t\t\t\n\t\t\t\t\t<\/div>\n\t\t\t\t\t\t\t\t\n<style scope=\"scope\">\n\n#image_157208070 {\n  width: 100%;\n}\n<\/style>\n\t<\/div>\n\t\n\n\n     <\/div>\n\n     <div class=\"loading-spin dark large centered\"><\/div>\n\n     <style scope=\"scope\">\n             <\/style>\n<\/div><!-- .ux-slider-wrapper -->\n\n\n\n<\/div><\/div>\n\n\n<style scope=\"scope\">\n\n<\/style>\n<\/div>\n\n\t\t<\/div><!-- .section-content -->\n\n\t\t\n<style scope=\"scope\">\n\n#section_2106637976 {\n  padding-top: 0px;\n  padding-bottom: 0px;\n  margin-bottom: 0px;\n  background-color: rgb(247, 247, 247);\n}\n#section_2106637976 .section-bg-overlay {\n  background-color: rgba(255, 255, 255, 0.85);\n}\n<\/style>\n\t<\/section>\n\t\n\t<section class=\"section\" id=\"section_1068294407\">\n\t\t<div class=\"bg section-bg fill bg-fill  bg-loaded\" >\n\n\t\t\t\n\t\t\t<div class=\"section-bg-overlay absolute fill\"><\/div>\n\t\t\t\n\n\t\t<\/div><!-- .section-bg -->\n\n\t\t<div class=\"section-content relative\">\n\t\t\t\n\n<div class=\"row row-collapse row-full-width align-middle\"  id=\"row-658851521\">\n\n<div class=\"col medium-6 small-12 large-6\"  data-animate=\"fadeInLeft\"><div class=\"col-inner\"  >\n\n<div class=\"slider-wrapper relative\" id=\"slider-1017875105\" >\n    <div class=\"slider slider-nav-circle slider-nav-large slider-nav-light slider-style-normal\"\n        data-flickity-options='{\n            \"cellAlign\": \"center\",\n            \"imagesLoaded\": true,\n            \"lazyLoad\": 1,\n            \"freeScroll\": false,\n            \"wrapAround\": true,\n            \"autoPlay\": false,\n            \"pauseAutoPlayOnHover\" : true,\n            \"prevNextButtons\": true,\n            \"contain\" : true,\n            \"adaptiveHeight\" : true,\n            \"dragThreshold\" : 10,\n            \"percentPosition\": true,\n            \"pageDots\": true,\n            \"rightToLeft\": false,\n            \"draggable\": true,\n            \"selectedAttraction\": 0.1,\n            \"parallax\" : 0,\n            \"friction\": 0.6        }'\n        >\n        \n\n\t<div class=\"img has-hover x md-x lg-x y md-y lg-y\" id=\"image_484268284\">\n\t\t\t\t\t\t\t\t<div class=\"img-inner dark\" >\n\t\t\t<img width=\"1020\" height=\"680\" src=\"https:\/\/www.grand-hotel-nouvel-opera.com\/wp-content\/uploads\/2019\/11\/grand-hotel-nouvel-opera-3-1024x683.jpg\" class=\"attachment-large size-large\" alt=\"\" srcset=\"https:\/\/www.grand-hotel-nouvel-opera.com\/wp-content\/uploads\/2019\/11\/grand-hotel-nouvel-opera-3-1024x683.jpg 1024w, https:\/\/www.grand-hotel-nouvel-opera.com\/wp-content\/uploads\/2019\/11\/grand-hotel-nouvel-opera-3-300x200.jpg 300w, https:\/\/www.grand-hotel-nouvel-opera.com\/wp-content\/uploads\/2019\/11\/grand-hotel-nouvel-opera-3-768x512.jpg 768w, https:\/\/www.grand-hotel-nouvel-opera.com\/wp-content\/uploads\/2019\/11\/grand-hotel-nouvel-opera-3-1536x1024.jpg 1536w, https:\/\/www.grand-hotel-nouvel-opera.com\/wp-content\/uploads\/2019\/11\/grand-hotel-nouvel-opera-3.jpg 1800w\" sizes=\"(max-width: 1020px) 100vw, 1020px\" \/>\t\t\t\t\t\t\n\t\t\t\t\t<\/div>\n\t\t\t\t\t\t\t\t\n<style scope=\"scope\">\n\n#image_484268284 {\n  width: 100%;\n}\n<\/style>\n\t<\/div>\n\t\n\n\t<div class=\"img has-hover x md-x lg-x y md-y lg-y\" id=\"image_211980271\">\n\t\t\t\t\t\t\t\t<div class=\"img-inner dark\" >\n\t\t\t<img width=\"1020\" height=\"680\" src=\"https:\/\/www.grand-hotel-nouvel-opera.com\/wp-content\/uploads\/2019\/11\/grand-hotel-nouvel-opera-1-1024x683.jpg\" class=\"attachment-large size-large\" alt=\"\" srcset=\"https:\/\/www.grand-hotel-nouvel-opera.com\/wp-content\/uploads\/2019\/11\/grand-hotel-nouvel-opera-1-1024x683.jpg 1024w, https:\/\/www.grand-hotel-nouvel-opera.com\/wp-content\/uploads\/2019\/11\/grand-hotel-nouvel-opera-1-300x200.jpg 300w, https:\/\/www.grand-hotel-nouvel-opera.com\/wp-content\/uploads\/2019\/11\/grand-hotel-nouvel-opera-1-768x512.jpg 768w, https:\/\/www.grand-hotel-nouvel-opera.com\/wp-content\/uploads\/2019\/11\/grand-hotel-nouvel-opera-1-1536x1024.jpg 1536w, https:\/\/www.grand-hotel-nouvel-opera.com\/wp-content\/uploads\/2019\/11\/grand-hotel-nouvel-opera-1.jpg 1800w\" sizes=\"(max-width: 1020px) 100vw, 1020px\" \/>\t\t\t\t\t\t\n\t\t\t\t\t<\/div>\n\t\t\t\t\t\t\t\t\n<style scope=\"scope\">\n\n#image_211980271 {\n  width: 100%;\n}\n<\/style>\n\t<\/div>\n\t\n\n\t<div class=\"img has-hover x md-x lg-x y md-y lg-y\" id=\"image_2121075474\">\n\t\t\t\t\t\t\t\t<div class=\"img-inner dark\" >\n\t\t\t<img width=\"1020\" height=\"680\" src=\"https:\/\/www.grand-hotel-nouvel-opera.com\/wp-content\/uploads\/2019\/11\/grand-hotel-nouvel-opera-002-1024x683.jpg\" class=\"attachment-large size-large\" alt=\"\" srcset=\"https:\/\/www.grand-hotel-nouvel-opera.com\/wp-content\/uploads\/2019\/11\/grand-hotel-nouvel-opera-002-1024x683.jpg 1024w, https:\/\/www.grand-hotel-nouvel-opera.com\/wp-content\/uploads\/2019\/11\/grand-hotel-nouvel-opera-002-300x200.jpg 300w, https:\/\/www.grand-hotel-nouvel-opera.com\/wp-content\/uploads\/2019\/11\/grand-hotel-nouvel-opera-002-768x512.jpg 768w, https:\/\/www.grand-hotel-nouvel-opera.com\/wp-content\/uploads\/2019\/11\/grand-hotel-nouvel-opera-002-1536x1024.jpg 1536w, https:\/\/www.grand-hotel-nouvel-opera.com\/wp-content\/uploads\/2019\/11\/grand-hotel-nouvel-opera-002.jpg 1800w\" sizes=\"(max-width: 1020px) 100vw, 1020px\" \/>\t\t\t\t\t\t\n\t\t\t\t\t<\/div>\n\t\t\t\t\t\t\t\t\n<style scope=\"scope\">\n\n#image_2121075474 {\n  width: 100%;\n}\n<\/style>\n\t<\/div>\n\t\n\n\n     <\/div>\n\n     <div class=\"loading-spin dark large centered\"><\/div>\n\n     <style scope=\"scope\">\n             <\/style>\n<\/div><!-- .ux-slider-wrapper -->\n\n\n\n<\/div><\/div>\n<div class=\"col medium-6 small-12 large-6 small-col-first\"  ><div class=\"col-inner text-center\" style=\"max-width:520px;padding:20px 20px 20px 20px;\" >\n\n<h3>HOTEL SERVICES<\/h3>\n<p>&#8211; Arrival from 2 p.m., departure before 12 p.m.<br \/>&#8211;<br \/>\nBusiness centre with computer, printer and internet access.<br \/>&#8211; Faxes and photocopies.<br \/>&#8211; Reception open 24\/24.<br \/>&#8211; High-speed WiFi.<br \/>&#8211; Luggage storage.<\/p>\n<a rel=\"noopener noreferrer\" href=\"https:\/\/www.secure-hotel-booking.com\/Grand-Hotel-Nouvel-Opera\/J8JE\/dateselection?language=en\" target=\"_blank\" class=\"button secondary\"  >\n    <span>Book now<\/span>\n  <\/a>\n\n\n\n<\/div><\/div>\n\n\n<style scope=\"scope\">\n\n<\/style>\n<\/div>\n\n\t\t<\/div><!-- .section-content -->\n\n\t\t\n<style scope=\"scope\">\n\n#section_1068294407 {\n  padding-top: 0px;\n  padding-bottom: 0px;\n  background-color: rgb(247, 247, 247);\n}\n#section_1068294407 .section-bg-overlay {\n  background-color: rgba(255, 255, 255, 0.85);\n}\n<\/style>\n\t<\/section>\n\t\n\n","protected":false},"excerpt":{"rendered":"","protected":false},"author":1,"featured_media":0,"parent":0,"menu_order":0,"comment_status":"closed","ping_status":"closed","template":"page-blank.php","meta":[],"yoast_head":"<!-- This site is optimized with the Yoast SEO plugin v19.9 - https:\/\/yoast.com\/wordpress\/plugins\/seo\/ -->\n<title>Services at the Grand H\u00f4tel Nouvel Op\u00e9ra Paris Place de la Bastille<\/title>\n<meta name=\"description\" content=\"The Grand H\u00f4tel Nouvel Opera, near the Place de la Bastille, is ideally located near all the sites without experiencing the bustle of Paris.\" \/>\n<meta name=\"robots\" content=\"index, follow, max-snippet:-1, max-image-preview:large, max-video-preview:-1\" \/>\n<link rel=\"canonical\" href=\"https:\/\/www.grand-hotel-nouvel-opera.com\/en\/services-grand-hotel-nouvel-opera\/\" \/>\n<meta property=\"og:locale\" content=\"en_US\" \/>\n<meta property=\"og:type\" content=\"article\" \/>\n<meta property=\"og:title\" content=\"Services at the Grand H\u00f4tel Nouvel Op\u00e9ra Paris Place de la Bastille\" \/>\n<meta property=\"og:description\" content=\"The Grand H\u00f4tel Nouvel Opera, near the Place de la Bastille, is ideally located near all the sites without experiencing the bustle of Paris.\" \/>\n<meta property=\"og:url\" content=\"https:\/\/www.grand-hotel-nouvel-opera.com\/en\/services-grand-hotel-nouvel-opera\/\" \/>\n<meta property=\"og:site_name\" content=\"Grand H\u00f4tel Nouvel Op\u00e9ra\" \/>\n<meta property=\"article:modified_time\" content=\"2025-03-07T15:10:38+00:00\" \/>\n<meta name=\"twitter:card\" content=\"summary_large_image\" \/>\n<meta name=\"twitter:label1\" content=\"Est. reading time\" \/>\n\t<meta name=\"twitter:data1\" content=\"1 minute\" \/>\n<script type=\"application\/ld+json\" class=\"yoast-schema-graph\">{\"@context\":\"https:\/\/schema.org\",\"@graph\":[{\"@type\":\"WebPage\",\"@id\":\"https:\/\/www.grand-hotel-nouvel-opera.com\/en\/services-grand-hotel-nouvel-opera\/\",\"url\":\"https:\/\/www.grand-hotel-nouvel-opera.com\/en\/services-grand-hotel-nouvel-opera\/\",\"name\":\"Services at the Grand H\u00f4tel Nouvel Op\u00e9ra Paris Place de la Bastille\",\"isPartOf\":{\"@id\":\"https:\/\/www.grand-hotel-nouvel-opera.com\/#website\"},\"datePublished\":\"2019-11-22T07:06:17+00:00\",\"dateModified\":\"2025-03-07T15:10:38+00:00\",\"description\":\"The Grand H\u00f4tel Nouvel Opera, near the Place de la Bastille, is ideally located near all the sites without experiencing the bustle of Paris.\",\"breadcrumb\":{\"@id\":\"https:\/\/www.grand-hotel-nouvel-opera.com\/en\/services-grand-hotel-nouvel-opera\/#breadcrumb\"},\"inLanguage\":\"en-US\",\"potentialAction\":[{\"@type\":\"ReadAction\",\"target\":[\"https:\/\/www.grand-hotel-nouvel-opera.com\/en\/services-grand-hotel-nouvel-opera\/\"]}]},{\"@type\":\"BreadcrumbList\",\"@id\":\"https:\/\/www.grand-hotel-nouvel-opera.com\/en\/services-grand-hotel-nouvel-opera\/#breadcrumb\",\"itemListElement\":[{\"@type\":\"ListItem\",\"position\":1,\"name\":\"Accueil\",\"item\":\"https:\/\/www.grand-hotel-nouvel-opera.com\/en\/\"},{\"@type\":\"ListItem\",\"position\":2,\"name\":\"services\"}]},{\"@type\":\"WebSite\",\"@id\":\"https:\/\/www.grand-hotel-nouvel-opera.com\/#website\",\"url\":\"https:\/\/www.grand-hotel-nouvel-opera.com\/\",\"name\":\"Grand H\u00f4tel Nouvel Op\u00e9ra\",\"description\":\"H\u00f4tel de tourisme \u00e0 Paris Bastille\",\"potentialAction\":[{\"@type\":\"SearchAction\",\"target\":{\"@type\":\"EntryPoint\",\"urlTemplate\":\"https:\/\/www.grand-hotel-nouvel-opera.com\/?s={search_term_string}\"},\"query-input\":\"required name=search_term_string\"}],\"inLanguage\":\"en-US\"}]}<\/script>\n<!-- \/ Yoast SEO plugin. -->","yoast_head_json":{"title":"Services at the Grand H\u00f4tel Nouvel Op\u00e9ra Paris Place de la Bastille","description":"The Grand H\u00f4tel Nouvel Opera, near the Place de la Bastille, is ideally located near all the sites without experiencing the bustle of Paris.","robots":{"index":"index","follow":"follow","max-snippet":"max-snippet:-1","max-image-preview":"max-image-preview:large","max-video-preview":"max-video-preview:-1"},"canonical":"https:\/\/www.grand-hotel-nouvel-opera.com\/en\/services-grand-hotel-nouvel-opera\/","og_locale":"en_US","og_type":"article","og_title":"Services at the Grand H\u00f4tel Nouvel Op\u00e9ra Paris Place de la Bastille","og_description":"The Grand H\u00f4tel Nouvel Opera, near the Place de la Bastille, is ideally located near all the sites without experiencing the bustle of Paris.","og_url":"https:\/\/www.grand-hotel-nouvel-opera.com\/en\/services-grand-hotel-nouvel-opera\/","og_site_name":"Grand H\u00f4tel Nouvel Op\u00e9ra","article_modified_time":"2025-03-07T15:10:38+00:00","twitter_card":"summary_large_image","twitter_misc":{"Est. reading time":"1 minute"},"schema":{"@context":"https:\/\/schema.org","@graph":[{"@type":"WebPage","@id":"https:\/\/www.grand-hotel-nouvel-opera.com\/en\/services-grand-hotel-nouvel-opera\/","url":"https:\/\/www.grand-hotel-nouvel-opera.com\/en\/services-grand-hotel-nouvel-opera\/","name":"Services at the Grand H\u00f4tel Nouvel Op\u00e9ra Paris Place de la Bastille","isPartOf":{"@id":"https:\/\/www.grand-hotel-nouvel-opera.com\/#website"},"datePublished":"2019-11-22T07:06:17+00:00","dateModified":"2025-03-07T15:10:38+00:00","description":"The Grand H\u00f4tel Nouvel Opera, near the Place de la Bastille, is ideally located near all the sites without experiencing the bustle of Paris.","breadcrumb":{"@id":"https:\/\/www.grand-hotel-nouvel-opera.com\/en\/services-grand-hotel-nouvel-opera\/#breadcrumb"},"inLanguage":"en-US","potentialAction":[{"@type":"ReadAction","target":["https:\/\/www.grand-hotel-nouvel-opera.com\/en\/services-grand-hotel-nouvel-opera\/"]}]},{"@type":"BreadcrumbList","@id":"https:\/\/www.grand-hotel-nouvel-opera.com\/en\/services-grand-hotel-nouvel-opera\/#breadcrumb","itemListElement":[{"@type":"ListItem","position":1,"name":"Accueil","item":"https:\/\/www.grand-hotel-nouvel-opera.com\/en\/"},{"@type":"ListItem","position":2,"name":"services"}]},{"@type":"WebSite","@id":"https:\/\/www.grand-hotel-nouvel-opera.com\/#website","url":"https:\/\/www.grand-hotel-nouvel-opera.com\/","name":"Grand H\u00f4tel Nouvel Op\u00e9ra","description":"H\u00f4tel de tourisme \u00e0 Paris Bastille","potentialAction":[{"@type":"SearchAction","target":{"@type":"EntryPoint","urlTemplate":"https:\/\/www.grand-hotel-nouvel-opera.com\/?s={search_term_string}"},"query-input":"required name=search_term_string"}],"inLanguage":"en-US"}]}},"_links":{"self":[{"href":"https:\/\/www.grand-hotel-nouvel-opera.com\/en\/wp-json\/wp\/v2\/pages\/303"}],"collection":[{"href":"https:\/\/www.grand-hotel-nouvel-opera.com\/en\/wp-json\/wp\/v2\/pages"}],"about":[{"href":"https:\/\/www.grand-hotel-nouvel-opera.com\/en\/wp-json\/wp\/v2\/types\/page"}],"author":[{"embeddable":true,"href":"https:\/\/www.grand-hotel-nouvel-opera.com\/en\/wp-json\/wp\/v2\/users\/1"}],"replies":[{"embeddable":true,"href":"https:\/\/www.grand-hotel-nouvel-opera.com\/en\/wp-json\/wp\/v2\/comments?post=303"}],"version-history":[{"count":10,"href":"https:\/\/www.grand-hotel-nouvel-opera.com\/en\/wp-json\/wp\/v2\/pages\/303\/revisions"}],"predecessor-version":[{"id":481,"href":"https:\/\/www.grand-hotel-nouvel-opera.com\/en\/wp-json\/wp\/v2\/pages\/303\/revisions\/481"}],"wp:attachment":[{"href":"https:\/\/www.grand-hotel-nouvel-opera.com\/en\/wp-json\/wp\/v2\/media?parent=303"}],"curies":[{"name":"wp","href":"https:\/\/api.w.org\/{rel}","templated":true}]}}